{"id":233,"date":"2016-02-06T12:32:16","date_gmt":"2016-02-06T12:32:16","guid":{"rendered":"https:\/\/2016.antwerp.wordcamp.org\/?page_id=233"},"modified":"2016-03-11T08:40:16","modified_gmt":"2016-03-11T08:40:16","slug":"fr","status":"publish","type":"page","link":"https:\/\/antwerp.wordcamp.org\/2016\/fr\/","title":{"rendered":"\u00c0 propos du WordCamp"},"content":{"rendered":"<h2>\u00c0 propos de WordPress<\/h2>\n<p>WordPress propulse le web. Pr\u00e8s de 60% des sites qui utilisent un CMS sont propuls\u00e9s par WordPress, faisant de lui le syst\u00e8me de gestion de contenu incontournable de ces derni\u00e8res ann\u00e9es. Il accapare aujourd\u2019hui 25% de l\u2019internet mondiale.<\/p>\n<h2>WP Meetup Anvers<\/h2>\n<p>Le WordCamp Anvers est organis\u00e9 par un groupe de passionn\u00e9s de WordPress qui se sont rassembl\u00e9s au travers du WP Meetup Anvers. Lanc\u00e9 en 2013, le WP Meetup Anvers a fait ses preuves en offrant des meetups r\u00e9guliers avec de grands orateurs traitant de toutes sortes de sujets et jouant un r\u00f4le actif dans la communaut\u00e9 belge.<\/p>\n<p>Pour plus d\u2019informations: <a href=\"http:\/\/www.meetup.com\/Antwerp-WordPress-Meetup\" target=\"_blank\">meetup.com\/AntwerpWordPressMeetup<\/a><\/p>\n<h2>WordCamp Antwerp<\/h2>\n<p>De cette \u00e9quipe est n\u00e9 le WordCamp Anvers. Il est le premier d\u2019une longue s\u00e9rie de conf\u00e9rences annuelles orient\u00e9es WordPress en Belgique. Cette \u00e9dition se tiendra les 4 et 5 juin 2016 au \u201cKarel de Grote Hogeschool\u201d, en plein coeur d\u2019Anvers.<\/p>\n<p>WordCamp Anvers, un \u00e9v\u00e8nement de 2 jours.<\/p>\n<p>Le samedi, nous vous proposerons environ 20 pr\u00e9sentations par des orateurs nationaux et internationaux, r\u00e9partis en deux salles. Ces pr\u00e9sentations seront bas\u00e9es sur WordPress, mais \u00e9galement sur des sujets li\u00e9s comme le webdesign, le marketing en ligne et l\u2019entrepreneuriat.<\/p>\n<p>Le dimanche sera consacr\u00e9 aux ateliers afin de permettre \u00e0 nos visiteurs de passer \u00e0 la pratique. Aucune exp\u00e9rience particuli\u00e8re n\u2019est requise, puisque nous proposerons plusieurs types d\u2019ateliers. Il y en aura donc pour tout le monde, qu\u2019il s\u2019agisse de d\u00e9butants, d\u2019utilisateurs avanc\u00e9s ou de d\u00e9veloppeurs.<\/p>\n","protected":false},"excerpt":{"rendered":"<p>\u00c0 propos de WordPress WordPress propulse le web. Pr\u00e8s de 60% des sites qui utilisent un CMS sont propuls\u00e9s par WordPress, faisant de lui le syst\u00e8me de gestion de contenu incontournable de ces derni\u00e8res ann\u00e9es. Il accapare aujourd\u2019hui 25% de l\u2019internet mondiale. WP Meetup Anvers Le WordCamp Anvers est organis\u00e9 par un groupe de passionn\u00e9s &hellip; <a href=\"https:\/\/antwerp.wordcamp.org\/2016\/fr\/\" class=\"more-link\">Continue reading<span class=\"screen-reader-text\"> &#8220;\u00c0 propos du WordCamp&#8221;<\/span><\/a><\/p>\n","protected":false},"author":8414446,"featured_media":0,"parent":0,"menu_order":0,"comment_status":"closed","ping_status":"closed","template":"","meta":{"jetpack_post_was_ever_published":false,"footnotes":""},"class_list":["post-233","page","type-page","status-publish","hentry"],"jetpack_sharing_enabled":true,"jetpack_shortlink":"https:\/\/wp.me\/P71xj8-3L","_links":{"self":[{"href":"https:\/\/antwerp.wordcamp.org\/2016\/wp-json\/wp\/v2\/pages\/233","targetHints":{"allow":["GET"]}}],"collection":[{"href":"https:\/\/antwerp.wordcamp.org\/2016\/wp-json\/wp\/v2\/pages"}],"about":[{"href":"https:\/\/antwerp.wordcamp.org\/2016\/wp-json\/wp\/v2\/types\/page"}],"author":[{"embeddable":true,"href":"https:\/\/antwerp.wordcamp.org\/2016\/wp-json\/wp\/v2\/users\/8414446"}],"replies":[{"embeddable":true,"href":"https:\/\/antwerp.wordcamp.org\/2016\/wp-json\/wp\/v2\/comments?post=233"}],"version-history":[{"count":5,"href":"https:\/\/antwerp.wordcamp.org\/2016\/wp-json\/wp\/v2\/pages\/233\/revisions"}],"predecessor-version":[{"id":713,"href":"https:\/\/antwerp.wordcamp.org\/2016\/wp-json\/wp\/v2\/pages\/233\/revisions\/713"}],"wp:attachment":[{"href":"https:\/\/antwerp.wordcamp.org\/2016\/wp-json\/wp\/v2\/media?parent=233"}],"curies":[{"name":"wp","href":"https:\/\/api.w.org\/{rel}","templated":true}]}}