{"id":133,"date":"2016-01-10T09:55:26","date_gmt":"2016-01-10T09:55:26","guid":{"rendered":"https:\/\/2016.antwerp.wordcamp.org\/?page_id=133"},"modified":"2016-02-06T13:44:56","modified_gmt":"2016-02-06T13:44:56","slug":"onze-missie","status":"publish","type":"page","link":"https:\/\/antwerp.wordcamp.org\/2016\/nl\/onze-missie\/","title":{"rendered":"Onze missie"},"content":{"rendered":"<p>\u201cCreating Communities &amp; Connections\u201d is de missie van deze allereerste offici\u00eble WordCamp in Belgi\u00eb.<\/p>\n<p>WordPress is veruit het meest gebruikte beheersysteem voor websites ter wereld.<br \/>\nOok in Belgi\u00eb. Desondanks is de Belgische WordPress Community nog klein; met uitzondering van de actieve meetup groepen in Antwerpen en Brussel.<\/p>\n<p>Daar willen we verandering in brengen.<br \/>\nOver taalgrenzen en steden heen.<\/p>\n<p>We zijn overtuigd dat deze WordCamp het startschot zal zijn voor een groter \u2018WordPress\u2019 in Belgi\u00eb. We hopen echt dat iedereen die met WordPress bezig is deze uitnodiging opneemt en deze WordCamp bezoekt.<br \/>\nTijdens de WordCamp geven we de mogelijkheid om lokale (en nationale en internationale) gelijkgestemde mensen te ontmoeten waardoor je eventueel zelf een lokale meetup kan opstarten.<\/p>\n<p>Net zoals in onze omringende landen willen we m\u00e9\u00e9r WordPress community.<br \/>\nEn waarom niet op termijn een nationale WordCamp editie?<\/p>\n<p>Dus aub: neem onze missie en uitnodiging over.<br \/>\nMeer community.<br \/>\nMeer meetups.<br \/>\nMeer connecties.<br \/>\nMeer WordPress in Belgi\u00eb.<br \/>\nTot dan,<\/p>\n<p><strong> Meetup group Antwerpen<\/strong><\/p>\n","protected":false},"excerpt":{"rendered":"<p>\u201cCreating Communities &amp; Connections\u201d is de missie van deze allereerste offici\u00eble WordCamp in Belgi\u00eb. WordPress is veruit het meest gebruikte beheersysteem voor websites ter wereld. Ook in Belgi\u00eb. Desondanks is de Belgische WordPress Community nog klein; met uitzondering van de actieve meetup groepen in Antwerpen en Brussel. Daar willen we verandering in brengen. Over taalgrenzen &hellip; <a href=\"https:\/\/antwerp.wordcamp.org\/2016\/nl\/onze-missie\/\" class=\"more-link\">Continue reading<span class=\"screen-reader-text\"> &#8220;Onze missie&#8221;<\/span><\/a><\/p>\n","protected":false},"author":8414446,"featured_media":0,"parent":235,"menu_order":0,"comment_status":"closed","ping_status":"closed","template":"","meta":{"jetpack_post_was_ever_published":false,"footnotes":""},"class_list":["post-133","page","type-page","status-publish","hentry"],"jetpack_sharing_enabled":true,"jetpack_shortlink":"https:\/\/wp.me\/P71xj8-29","_links":{"self":[{"href":"https:\/\/antwerp.wordcamp.org\/2016\/wp-json\/wp\/v2\/pages\/133","targetHints":{"allow":["GET"]}}],"collection":[{"href":"https:\/\/antwerp.wordcamp.org\/2016\/wp-json\/wp\/v2\/pages"}],"about":[{"href":"https:\/\/antwerp.wordcamp.org\/2016\/wp-json\/wp\/v2\/types\/page"}],"author":[{"embeddable":true,"href":"https:\/\/antwerp.wordcamp.org\/2016\/wp-json\/wp\/v2\/users\/8414446"}],"replies":[{"embeddable":true,"href":"https:\/\/antwerp.wordcamp.org\/2016\/wp-json\/wp\/v2\/comments?post=133"}],"version-history":[{"count":4,"href":"https:\/\/antwerp.wordcamp.org\/2016\/wp-json\/wp\/v2\/pages\/133\/revisions"}],"predecessor-version":[{"id":306,"href":"https:\/\/antwerp.wordcamp.org\/2016\/wp-json\/wp\/v2\/pages\/133\/revisions\/306"}],"up":[{"embeddable":true,"href":"https:\/\/antwerp.wordcamp.org\/2016\/wp-json\/wp\/v2\/pages\/235"}],"wp:attachment":[{"href":"https:\/\/antwerp.wordcamp.org\/2016\/wp-json\/wp\/v2\/media?parent=133"}],"curies":[{"name":"wp","href":"https:\/\/api.w.org\/{rel}","templated":true}]}}